{"id":114,"date":"2018-04-17T16:18:22","date_gmt":"2018-04-17T14:18:22","guid":{"rendered":"https:\/\/www.sabotage.ninja\/?page_id=114"},"modified":"2025-04-06T16:27:50","modified_gmt":"2025-04-06T14:27:50","slug":"about-us","status":"publish","type":"page","link":"https:\/\/www.sabotage.ninja\/en\/about-us\/","title":{"rendered":"About us"},"content":{"rendered":"<p><strong>[RU] \u0421\u0430\u0431\u043e\u0442\u0430\u0436 \u0434\u0438\u0441\u0442\u0440\u043e<\/strong> \u2013 \u043f\u0440\u043e\u0435\u043a\u0442 \u0433\u0440\u0443\u043f\u043f\u044b \u0431\u0435\u043b\u0430\u0440\u0443\u0441\u043a\u0438\u0445 \u0430\u043d\u0430\u0440\u0445\u0438\u0441\u0442:\u043e\u043a \u043d\u0430\u0446\u0435\u043b\u0435\u043d\u043d\u044b\u0439 \u043d\u0430 \u043f\u043e\u043f\u0443\u043b\u0438\u0437\u0430\u0446\u0438\u044e \u0430\u043d\u0430\u0440\u0445\u0438\u0447\u0435\u0441\u043a\u0438\u0445 \u0438\u0434\u0435\u0439. \u0412\u0441\u044f \u043d\u0430\u0446\u0435\u043d\u043a\u0430 \u0437\u0430 \u043f\u0440\u043e\u0434\u0443\u043a\u0446\u0438\u044e \u2013 \u043c\u0438\u043d\u0438\u043c\u0430\u043b\u044c\u043d\u0430\u044f, \u0438 \u043f\u043e\u043b\u043d\u043e\u0441\u0442\u044c\u044e \u0438\u0441\u043f\u043e\u043b\u044c\u0437\u0443\u0435\u0442\u0441\u044f \u0434\u043b\u044f \u043d\u0443\u0436\u0434 \u0431\u043e\u0440\u044c\u0431\u044b \u0437\u0430 \u043d\u043e\u0432\u043e\u0435 \u043e\u0431\u0449\u0435\u0441\u0442\u0432\u043e.<\/p>\n<p>\u0412 \u0421\u0430\u0431\u043e\u0442\u0430\u0436 \u0434\u0438\u0441\u0442\u0440\u043e \u0441\u043e\u0431\u0440\u0430\u043d\u044b \u043a\u043d\u0438\u0433\u0438, \u0431\u0440\u043e\u0448\u044e\u0440\u044b \u0438 \u0434\u0440\u0443\u0433\u043e\u0439 \u043c\u0435\u0440\u0447 \u043a\u043e\u043b\u043b\u0435\u043a\u0442\u0438\u0432\u043e\u0432 \u0440\u0430\u0437\u043d\u043e\u0439 \u043d\u0430\u043f\u0440\u0430\u0432\u043b\u0435\u043d\u043d\u043e\u0441\u0442\u0438. \u041f\u043e\u043a\u0443\u043f\u0430\u044f \u0432 \u043d\u0430\u0448\u0435\u043c \u0434\u0438\u0441\u0442\u0440\u043e \u0442\u044b \u043f\u043e\u0434\u0434\u0435\u0440\u0436\u0438\u0432\u0430\u0435\u0448\u044c \u0442\u0435\u0445, \u043a\u0442\u043e \u0431\u043e\u0440\u0435\u0442\u0441\u044f \u043d\u0430 \u0443\u043b\u0438\u0446\u0435, \u043d\u0430 \u0438\u043d\u0444\u043e\u0440\u043c\u0430\u0446\u0438\u043e\u043d\u043d\u043e\u043c \u0444\u0440\u043e\u043d\u0442\u0435 \u0438 \u0441\u0442\u0440\u0430\u0434\u0430\u0435\u0442 \u0432 \u0437\u0430\u0441\u0442\u0435\u043d\u043a\u0430\u0445 \u0440\u0435\u0436\u0438\u043c\u0430 \u0440\u0430\u0434\u0438 \u0442\u0432\u043e\u0435\u0439 \u0438 \u043d\u0430\u0448\u0435\u0439 \u0441\u0432\u043e\u0431\u043e\u0434\u044b.<\/p>\n<p><strong>[PL] Distro Sabota\u017c<\/strong> to projekt grupy bia\u0142oruskich anarchist\u00f3w i anarchistek, maj\u0105cy na celu popularyzacj\u0119 idei anarchistycznych.<br \/>Niewielki doch\u00f3d ze sprzeda\u017cy jest w ca\u0142o\u015bci wykorzystywany na potrzeby walki o nowe spo\u0142ecze\u0144stwo.<br \/>W distrze Sabota\u017c znajdziecie ksi\u0105\u017cki, broszury oraz mercz bardzo r\u00f3\u017cnych kolektyw\u00f3w.<br \/>Kupuj\u0105c w naszym distro wspierasz tych, kt\u00f3r.e walcz\u0105 na ulicy, na froncie informacyjnym oraz odsiaduj\u0105 wyroki w aresztach i wi\u0119zieniach re\u017cimu w imi\u0119 twojej i naszej wolno\u015bci.<\/p>\n<p><strong>telegram:<\/strong> <a href=\"http:\/\/t.me\/sabotagedistro\" target=\"_blank\" rel=\"noopener\">sabotagedistro<\/a><br \/><strong>instagram:<\/strong> <a href=\"http:\/\/instagram.com\/sabotage.distro\" target=\"_blank\" rel=\"noopener\">sabotage.distro<\/a><br \/><strong>mastadon:<\/strong> <a class=\"account__display-name\" href=\"https:\/\/kolektiva.social\/@sabotage_distro\" data-hover-card-account=\"114291018464912667\" aria-describedby=\"hover-card\"><span class=\"display-name\"><span class=\"display-name__account\">@sabotage_distro\u00a0<\/span><\/span><\/a><span class=\"display-name\"><span class=\"display-name__account\">\u00a0\u00a0\u00a0\u00a0<br \/><strong>bsky:<\/strong>\u00a0 <a href=\"https:\/\/bsky.app\/profile\/sabotage-distro.bsky.social\">@sabotage-distro<\/a><br \/><\/span><\/span><\/p>\n<p><strong>mail:<\/strong> sabotajdistro@riseup.net<\/p>\n\n\n<p>PGP:<\/p>\n\n\n\n<pre class=\"wp-block-code\"><code>-----BEGIN PGP PUBLIC KEY BLOCK-----\n\nxsFNBGXl97YBEAC7o8KQb9HyI4l4rhI2HenbAZp1Dx9a3edJWQ1Ba94lyYm5zj\/o\nCx1Uc8ipui7SRG0XpRtyiUpv6viy4B9sgPgR+fy7ov6OXavuxKKtfWv5rz\/frSis\nQDX7dBczrGm5sdUiSfmVk2WLXbA+FSvaGqZRIL0LBBoGpUtmDxCsFmOEKTLaQoCo\nUMRwOERMqBpSIhIewRw4SR+xbF2fTs+vgJh0SzN8G6C1Ck72nFUCW7nZsE6l8G0r\n8FABJDbjJ8F36JiKsNVConu1I+FjCofEWGQdws3pTQteu7mITttyTlMAwi21e5Vm\nyDUp+fCn70FyQO0yHukAvd07WkRHcV7TOP0weYwNbHqTxCPqplQypDwvYuhtHEEU\nhrgyGrEAjv4m5tmGKSHjVjIaB\/tCDefL906jlBJyCNd00H3kl24\/6qiP6gZA+QXp\n9S3NjFATFu3Q980f7j9FWFpPU2mUSO+VkOz0ZspS4DAzTv3kAgbqfgKkRMo02oa5\nhPieUHOXrXSeovzsULgY+RbdO\/738U7xAUAnA5PH7SsfZF0q1IjuzOmfsg3feIWy\nGf+2aoUL\/SXXMT1tbkB6\/3bm4Rp\/tgNlH\/M0vUtW9RadWie30XAGIcIlBjvE7z3W\nlTZysC8o\/yW78h0QMcR6Wms+lAEhfnBlMa1VDL0lmiSjsSc0rHesGg2jPQARAQAB\nzSpTYWJvdGFnZSBEaXN0cm8gPHNhYm90YWpkaXN0cm9AcmlzZXVwLm5ldD7CwY0E\nEwEIADcWIQSMWpXPpbXgBfdm9R6zR2t0S7FqMgUCZeX3uwUJBaOagAIbAwQLCQgH\nBRUICQoLBRYCAwEAAAoJELNHa3RLsWoy3I4P\/36i6T4x3ICqa456S\/0G3wBDoVQj\nrXxY+KPSualXPcrNWJU5zYPipn4yLReUlxopNMsUD3P6gsVqJd9Tj3oNlTr1kexL\nCgwoLkoXGga6nqu\/ttKxXYKnp5gbctYrKWiMiKQkghViKv2U7D1iL8ol\/icYDAsV\nCG\/03sX3T6i8cHFH+Ka7v2rBxqSTyBOjYgNuvVhA+gh7hVyhDckbH81nQfKpmyAz\nowthLV\/QF27wTIDxIuwij85ed92JBiS8rDI\/ol2RBYojnLbhwKTgVvhBOfrrLjL0\nwcB4h8cPSI4Y8T7MOuHdCyvUKS38pphYbH0PFHc0N+5mWxDkLaRzf0iag9LJcOjT\nZOD2AIcLT7RTJ0t0EPRc\/PYYYMFE1R5U1RQPWhMnA6\/jkD3O4QiB55m7tbfYsHSo\nKGeKRHGnaiswei4wcgW2eb6AzTDrduXCSmxEYSru5BXSbW97Ye2vAuhgwcGjHchU\ndYZRgKqL5CFplh8CRqc3ryeQrkuQnOCRZR7HV5qBLCy3RMCJ\/AUsbF0f1toeN7VY\nWxxBjjGFUbr7gzq0oiJo\/w0QsJTnh578ApbvKMsChDIU6LpyuIXs7s\/g1FBllXCj\nWyrsx4hfiDscckk44wxXQDZuMMaw4wCxFaYh2t6mO01lL3g2\/Kv4xTxaQIKMxjOE\nrgMun5zf9FCaUG3lzsFNBGXl97wBEACmAcQ0IlAzZduc4Dh9lwE\/KEvHGlMnyCNJ\n\/QuwoUQk7tQHQMCkYCkJvE6A3IH5RGtpLYN7qgHtw+j9vD05pRsnCEF4JV4rGR2D\nZ8n9nnJg1T\/uEoBTJ2H7+J9VH2rHZCHEQ4UaCZxpNr\/i6BSVL1hPc6Hd8ZWWjBm0\nGxq4ft8caX5OargydRiOHzdKfaWuHHbHHc5Fl4eSHVAiHLG0Cnw2Y67DJCQzt0xE\nDqb5p1Un+G9SW36ctTwM5omLHE1cEMW6rBG2NZXC3PY5OoyyHTyFnA1bbr0LQDJZ\nPdn3JqRof9jEyxHkKKXhGOXVZ\/mztgtRikPybxrvBRFzFP6Tm2LHbnioVozpA1lP\ndp0LlrjvtzKRWvb0KrbJXl00EvU5QSUlfm3lQulLuYA2x7sSx0\/29qUJj0FlC7EM\naczofIiU3gpachWgukeZHpPoC04BXxCtO\/qqQ6pp3dJSGZ\/M5TkFBaCE3YlWKtr+\nkNa7FE+hNHiAK8+gCOVZhAtgf9WFSIekGOCm9qf8EpjwJsO7qwGDt5x5VXGneXAA\nwnuTK6ZnkofbmhtmFw4GoBpj5qL1Gub1dVhQYoXxBJJnt+iXwcW1EjD+o0ycQxaC\nNgGlkCOfU\/xWqMA2\/PDjTctSaHaRYdZPfWzX\/EaRh8hqpQSJDPjA+9mchVKdq5\/e\nppVq9RyrqQARAQABwsF8BBgBCAAmFiEEjFqVz6W14AX3ZvUes0drdEuxajIFAmXl\n978FCQWjmoACGwwACgkQs0drdEuxajKctRAApM1unOJ7rR43euG9RAicZZ3aWuva\nwhTW\/Am0m6VBCEsl07mDAiUt1JcjuyqAWfGfD1qO+7fXc4BtLzwFFJzdFAFIistu\nc0\/o76ox7gorf9BcFCe+JM9I3AWgDN78G1xw1Qn8y3HIwntep2nn22zf8PQFNSFv\nNjoxytbM2UDfNnJC+CaActrbFZyXxQVdObRhZzi6ZanklFBZTxJyLQXSB57eq0Di\n2K9ZCoO5a6Y0LFj1tRK5wTB5jbXf7Fy8ysSdsbmx2GKvAS6\/obCKWo\/qdoQgxRAt\nPWu+Nmm0nDWX+ImTFUN4R73bWvST3kSfRmgTqmBDVjcwMaRMNBhDaqaE8yXLdeC7\nzWSUblN7j\/Hz0rNnJiC5dj5X\/q5Kb3pnZZzTiPmMjLMdKe4i2JOvtTLu6q01yCvl\no26cDR7ZowjyQXnIGmDoLlTSmUZ4FyiihWoSGMgxnOwuI8G6jVPR4gvzaoPYaoKM\nC9vvvlVqEQxeYC5imiTK7SH0L0k3dLvFgcCNcCMJL14uiyRlLV3EiG3+g\/lRK8wT\nglVR0MwX0Wr+9xfZ7iFq7QGgtl5jAekwhL8vOmTbKmo2T4pbUixs8Jx4cQEMjWZe\nGJLrRUPLqHUX4UjJiLPpVz\/7W7zmpDBoIz6cCoDIfzn2unvFPn5MUzWfLdofsIE0\nZA46EmvEGX7WdXo=\n=Ildu\n-----END PGP PUBLIC KEY BLOCK-----<\/code><\/pre>\n","protected":false},"excerpt":{"rendered":"<p>[RU] \u0421\u0430\u0431\u043e\u0442\u0430\u0436 \u0434\u0438\u0441\u0442\u0440\u043e \u2013 \u043f\u0440\u043e\u0435\u043a\u0442 \u0433\u0440\u0443\u043f\u043f\u044b \u0431\u0435\u043b\u0430\u0440\u0443\u0441\u043a\u0438\u0445 \u0430\u043d\u0430\u0440\u0445\u0438\u0441\u0442:\u043e\u043a \u043d\u0430\u0446\u0435\u043b\u0435\u043d\u043d\u044b\u0439 \u043d\u0430 \u043f\u043e\u043f\u0443\u043b\u0438\u0437\u0430\u0446\u0438\u044e \u0430\u043d\u0430\u0440\u0445\u0438\u0447\u0435\u0441\u043a\u0438\u0445 \u0438\u0434\u0435\u0439. \u0412\u0441\u044f \u043d\u0430\u0446\u0435\u043d\u043a\u0430 \u0437\u0430 \u043f\u0440\u043e\u0434\u0443\u043a\u0446\u0438\u044e \u2013 \u043c\u0438\u043d\u0438\u043c\u0430\u043b\u044c\u043d\u0430\u044f, \u0438 \u043f\u043e\u043b\u043d\u043e\u0441\u0442\u044c\u044e \u0438\u0441\u043f\u043e\u043b\u044c\u0437\u0443\u0435\u0442\u0441\u044f \u0434\u043b\u044f \u043d\u0443\u0436\u0434 \u0431\u043e\u0440\u044c\u0431\u044b \u0437\u0430 \u043d\u043e\u0432\u043e\u0435 \u043e\u0431\u0449\u0435\u0441\u0442\u0432\u043e. \u0412 \u0421\u0430\u0431\u043e\u0442\u0430\u0436 \u0434\u0438\u0441\u0442\u0440\u043e \u0441\u043e\u0431\u0440\u0430\u043d\u044b \u043a\u043d\u0438\u0433\u0438, \u0431\u0440\u043e\u0448\u044e\u0440\u044b \u0438 \u0434\u0440\u0443\u0433\u043e\u0439 \u043c\u0435\u0440\u0447 \u043a\u043e\u043b\u043b\u0435\u043a\u0442\u0438\u0432\u043e\u0432 \u0440\u0430\u0437\u043d\u043e\u0439 \u043d\u0430\u043f\u0440\u0430\u0432\u043b\u0435\u043d\u043d\u043e\u0441\u0442\u0438. \u041f\u043e\u043a\u0443\u043f\u0430\u044f \u0432 \u043d\u0430\u0448\u0435\u043c \u0434\u0438\u0441\u0442\u0440\u043e \u0442\u044b \u043f\u043e\u0434\u0434\u0435\u0440\u0436\u0438\u0432\u0430\u0435\u0448\u044c \u0442\u0435\u0445, \u043a\u0442\u043e \u0431\u043e\u0440\u0435\u0442\u0441\u044f \u043d\u0430 \u0443\u043b\u0438\u0446\u0435, \u043d\u0430 \u0438\u043d\u0444\u043e\u0440\u043c\u0430\u0446\u0438\u043e\u043d\u043d\u043e\u043c \u0444\u0440\u043e\u043d\u0442\u0435 \u0438 [&hellip;]<\/p>\n","protected":false},"author":2,"featured_media":0,"parent":0,"menu_order":0,"comment_status":"closed","ping_status":"closed","template":"","meta":{"site-sidebar-layout":"default","site-content-layout":"","ast-site-content-layout":"default","site-content-style":"default","site-sidebar-style":"default","ast-global-header-display":"","ast-banner-title-visibility":"","ast-main-header-display":"","ast-hfb-above-header-display":"","ast-hfb-below-header-display":"","ast-hfb-mobile-header-display":"","site-post-title":"","ast-breadcrumbs-content":"","ast-featured-img":"","footer-sml-layout":"","ast-disable-related-posts":"","theme-transparent-header-meta":"","adv-header-id-meta":"","stick-header-meta":"","header-above-stick-meta":"","header-main-stick-meta":"","header-below-stick-meta":"","astra-migrate-meta-layouts":"default","ast-page-background-enabled":"default","ast-page-background-meta":{"desktop":{"background-color":"var(--ast-global-color-4)","background-image":"","background-repeat":"repeat","background-position":"center center","background-size":"auto","background-attachment":"scroll","background-type":"","background-media":"","overlay-type":"","overlay-color":"","overlay-opacity":"","overlay-gradient":""},"tablet":{"background-color":"","background-image":"","background-repeat":"repeat","background-position":"center center","background-size":"auto","background-attachment":"scroll","background-type":"","background-media":"","overlay-type":"","overlay-color":"","overlay-opacity":"","overlay-gradient":""},"mobile":{"background-color":"","background-image":"","background-repeat":"repeat","background-position":"center center","background-size":"auto","background-attachment":"scroll","background-type":"","background-media":"","overlay-type":"","overlay-color":"","overlay-opacity":"","overlay-gradient":""}},"ast-content-background-meta":{"desktop":{"background-color":"var(--ast-global-color-5)","background-image":"","background-repeat":"repeat","background-position":"center center","background-size":"auto","background-attachment":"scroll","background-type":"","background-media":"","overlay-type":"","overlay-color":"","overlay-opacity":"","overlay-gradient":""},"tablet":{"background-color":"var(--ast-global-color-5)","background-image":"","background-repeat":"repeat","background-position":"center center","background-size":"auto","background-attachment":"scroll","background-type":"","background-media":"","overlay-type":"","overlay-color":"","overlay-opacity":"","overlay-gradient":""},"mobile":{"background-color":"var(--ast-global-color-5)","background-image":"","background-repeat":"repeat","background-position":"center center","background-size":"auto","background-attachment":"scroll","background-type":"","background-media":"","overlay-type":"","overlay-color":"","overlay-opacity":"","overlay-gradient":""}},"footnotes":""},"class_list":["post-114","page","type-page","status-publish","hentry"],"_links":{"self":[{"href":"https:\/\/www.sabotage.ninja\/en\/wp-json\/wp\/v2\/pages\/114","targetHints":{"allow":["GET"]}}],"collection":[{"href":"https:\/\/www.sabotage.ninja\/en\/wp-json\/wp\/v2\/pages"}],"about":[{"href":"https:\/\/www.sabotage.ninja\/en\/wp-json\/wp\/v2\/types\/page"}],"author":[{"embeddable":true,"href":"https:\/\/www.sabotage.ninja\/en\/wp-json\/wp\/v2\/users\/2"}],"replies":[{"embeddable":true,"href":"https:\/\/www.sabotage.ninja\/en\/wp-json\/wp\/v2\/comments?post=114"}],"version-history":[{"count":0,"href":"https:\/\/www.sabotage.ninja\/en\/wp-json\/wp\/v2\/pages\/114\/revisions"}],"wp:attachment":[{"href":"https:\/\/www.sabotage.ninja\/en\/wp-json\/wp\/v2\/media?parent=114"}],"curies":[{"name":"wp","href":"https:\/\/api.w.org\/{rel}","templated":true}]}}