{"id":1149,"date":"2024-02-03T21:44:05","date_gmt":"2024-02-03T20:44:05","guid":{"rendered":"https:\/\/www.sabotage.ninja\/?post_type=product&#038;p=1149"},"modified":"2026-03-28T18:50:39","modified_gmt":"2026-03-28T17:50:39","slug":"wolnosc-albo-smierc","status":"publish","type":"product","link":"https:\/\/www.sabotage.ninja\/en\/product\/wolnosc-albo-smierc\/","title":{"rendered":"Wolno\u015b\u0107 albo \u015bmier\u0107 [PL]"},"content":{"rendered":"<p>Wolno\u015b\u0107 albo \u015bmier\u0107. Wojna w Ukrainie i kryzys uchod\u017aczy. G\u0142os anarchist\u00f3w z kolektyw\u00f3w. ACK Galicja oraz Przyjaciele Ukrainy i Bat\u2019ki Machny<\/p>\n<p>Ksi\u0105\u017cka prezentuje stanowisko uczestnik\u00f3w dw\u00f3ch grup anarchistycznych, dotycz\u0105ce wojny w Ukrainie i kryzysu uchod\u017aczego. Od momentu rozpocz\u0119cia pe\u0142noskalowej inwazji rosyjskiej armii na Ukrain\u0119, grupy te &#8212; ACK Galicja, Przyjaciele Ukrainy i Batki Machny &#8212; anga\u017cuj\u0105 si\u0119 w pomoc na rzecz mieszka\u0144c\u00f3w Ukrainy i walcz\u0105cych z raszystowskim okupantem. Autorzy szukaj\u0105 odpowiedzi na pytania, kt\u00f3re nie s\u0105 ani popularne, ani te\u017c wygodne w zachodnim \u015brodowisku anarchistycznym, antyfaszystowskim czy lewicowym. Odnosz\u0105 si\u0119 krytycznie do reakcji cz\u0119\u015bci polskiego \u015brodowiska, powielaj\u0105cego zachodnie postawy, \u201eneutralne\u201d wzgl\u0119dem rosyjskiej agresji, a nierzadko prezentuj\u0105cego zawoalowany putinizm.<\/p>\n<p>Wydawnictwa: Manufaktura Inny \u015awiat, ACK Galicja, Wydawnictwo Czarny Kruk<\/p>","protected":false},"excerpt":{"rendered":"<p>Wolno\u015b\u0107 albo \u015bmier\u0107. Wojna w Ukrainie i kryzys uchod\u017aczy. G\u0142os anarchist\u00f3w z kolektyw\u00f3w. ACK Galicja oraz Przyjaciele Ukrainy i Bat\u2019ki Machny<\/p>","protected":false},"featured_media":1153,"comment_status":"open","ping_status":"closed","template":"","meta":{"site-sidebar-layout":"default","site-content-layout":"","ast-site-content-layout":"default","site-content-style":"default","site-sidebar-style":"default","ast-global-header-display":"","ast-banner-title-visibility":"","ast-main-header-display":"","ast-hfb-above-header-display":"","ast-hfb-below-header-display":"","ast-hfb-mobile-header-display":"","site-post-title":"","ast-breadcrumbs-content":"","ast-featured-img":"","footer-sml-layout":"","ast-disable-related-posts":"","theme-transparent-header-meta":"","adv-header-id-meta":"","stick-header-meta":"","header-above-stick-meta":"","header-main-stick-meta":"","header-below-stick-meta":"","astra-migrate-meta-layouts":"default","ast-page-background-enabled":"default","ast-page-background-meta":{"desktop":{"background-color":"var(--ast-global-color-4)","background-image":"","background-repeat":"repeat","background-position":"center center","background-size":"auto","background-attachment":"scroll","background-type":"","background-media":"","overlay-type":"","overlay-color":"","overlay-opacity":"","overlay-gradient":""},"tablet":{"background-color":"","background-image":"","background-repeat":"repeat","background-position":"center center","background-size":"auto","background-attachment":"scroll","background-type":"","background-media":"","overlay-type":"","overlay-color":"","overlay-opacity":"","overlay-gradient":""},"mobile":{"background-color":"","background-image":"","background-repeat":"repeat","background-position":"center center","background-size":"auto","background-attachment":"scroll","background-type":"","background-media":"","overlay-type":"","overlay-color":"","overlay-opacity":"","overlay-gradient":""}},"ast-content-background-meta":{"desktop":{"background-color":"var(--ast-global-color-5)","background-image":"","background-repeat":"repeat","background-position":"center center","background-size":"auto","background-attachment":"scroll","background-type":"","background-media":"","overlay-type":"","overlay-color":"","overlay-opacity":"","overlay-gradient":""},"tablet":{"background-color":"var(--ast-global-color-5)","background-image":"","background-repeat":"repeat","background-position":"center center","background-size":"auto","background-attachment":"scroll","background-type":"","background-media":"","overlay-type":"","overlay-color":"","overlay-opacity":"","overlay-gradient":""},"mobile":{"background-color":"var(--ast-global-color-5)","background-image":"","background-repeat":"repeat","background-position":"center center","background-size":"auto","background-attachment":"scroll","background-type":"","background-media":"","overlay-type":"","overlay-color":"","overlay-opacity":"","overlay-gradient":""}}},"product_brand":[],"product_cat":[128,78,30],"product_tag":[57,262,89],"class_list":{"0":"post-1149","1":"product","2":"type-product","3":"status-publish","4":"has-post-thumbnail","6":"product_cat-books-pl","7":"product_cat-other-publishers","8":"product_cat-books1312","9":"product_tag-anarhizm","10":"product_tag-vojna","11":"product_tag-ukraina","12":"product_shipping_class-europe","13":"desktop-align-center","14":"tablet-align-center","15":"mobile-align-center","17":"first","18":"outofstock","19":"shipping-taxable","20":"purchasable","21":"product-type-simple"},"_links":{"self":[{"href":"https:\/\/www.sabotage.ninja\/en\/wp-json\/wp\/v2\/product\/1149","targetHints":{"allow":["GET"]}}],"collection":[{"href":"https:\/\/www.sabotage.ninja\/en\/wp-json\/wp\/v2\/product"}],"about":[{"href":"https:\/\/www.sabotage.ninja\/en\/wp-json\/wp\/v2\/types\/product"}],"replies":[{"embeddable":true,"href":"https:\/\/www.sabotage.ninja\/en\/wp-json\/wp\/v2\/comments?post=1149"}],"wp:featuredmedia":[{"embeddable":true,"href":"https:\/\/www.sabotage.ninja\/en\/wp-json\/wp\/v2\/media\/1153"}],"wp:attachment":[{"href":"https:\/\/www.sabotage.ninja\/en\/wp-json\/wp\/v2\/media?parent=1149"}],"wp:term":[{"taxonomy":"product_brand","embeddable":true,"href":"https:\/\/www.sabotage.ninja\/en\/wp-json\/wp\/v2\/product_brand?post=1149"},{"taxonomy":"product_cat","embeddable":true,"href":"https:\/\/www.sabotage.ninja\/en\/wp-json\/wp\/v2\/product_cat?post=1149"},{"taxonomy":"product_tag","embeddable":true,"href":"https:\/\/www.sabotage.ninja\/en\/wp-json\/wp\/v2\/product_tag?post=1149"}],"curies":[{"name":"wp","href":"https:\/\/api.w.org\/{rel}","templated":true}]}}