{"id":3583,"date":"2025-09-11T12:29:17","date_gmt":"2025-09-11T10:29:17","guid":{"rendered":"https:\/\/www.sabotage.ninja\/?post_type=product&#038;p=3583"},"modified":"2025-12-10T16:35:13","modified_gmt":"2025-12-10T15:35:13","slug":"auf-dem-weg-nach-magadan-ihar-alinevich","status":"publish","type":"product","link":"https:\/\/www.sabotage.ninja\/en\/product\/auf-dem-weg-nach-magadan-ihar-alinevich\/","title":{"rendered":"Auf dem Weg nach Magadan &#8212; Ihar Alinevich"},"content":{"rendered":"","protected":false},"excerpt":{"rendered":"<p>Nach mehr als 5 Jahren gemeinsamer Arbeit an der \u00dcbersetzung ist das Buch \u201eAuf dem Weg nach Magadan\u201c von Ihar Alinevich jetzt auch auf Deutsch verf\u00fcgbar! In diesem Buch beschreibt der ehemalige anarchistische Gefangene Ihar Alinevich die vom ihm erlittenen Torturen w\u00e4hrend seiner Gefangennahme im KGB-Gef\u00e4ngnis im Zeitraum von 2010 bis 2011. Als Inhaftierter in einem Spezialgef\u00e4ngnis f\u00fcr politische Gefangene des Staates wurde er einem ganz pers\u00f6nlichen Programm physischer und psychischer Folter unterworfen.<\/p>\n<p>W\u00e4hrend seines Gef\u00e4ngnisaufenthaltes trifft er verschiedene Personen: von Politikern, die nach den Pr\u00e4sidentschaftswahlen in Belarus 2010 verhaftet worden waren, bis hin zu Leuten aus dem inneren Kreis der belarussischen Diktatur, die in Ungnade fielen und vom Lukashenko-Regime ebenfalls verfolgt wurden.<\/p>\n<p>Das Buch beschreibt die Realit\u00e4t politischer Arbeit und ihre Risiken im Fall von Aktivist*innen aus Belarus und es beleuchtet die Probleme von Knast und Kapitalismus sowie die m\u00f6glichen Alternativen dazu.<\/p>","protected":false},"featured_media":3584,"comment_status":"open","ping_status":"closed","template":"","meta":{"site-sidebar-layout":"default","site-content-layout":"","ast-site-content-layout":"default","site-content-style":"default","site-sidebar-style":"default","ast-global-header-display":"","ast-banner-title-visibility":"","ast-main-header-display":"","ast-hfb-above-header-display":"","ast-hfb-below-header-display":"","ast-hfb-mobile-header-display":"","site-post-title":"","ast-breadcrumbs-content":"","ast-featured-img":"","footer-sml-layout":"","ast-disable-related-posts":"","theme-transparent-header-meta":"default","adv-header-id-meta":"","stick-header-meta":"","header-above-stick-meta":"","header-main-stick-meta":"","header-below-stick-meta":"","astra-migrate-meta-layouts":"set","ast-page-background-enabled":"default","ast-page-background-meta":{"desktop":{"background-color":"var(--ast-global-color-4)","background-image":"","background-repeat":"repeat","background-position":"center center","background-size":"auto","background-attachment":"scroll","background-type":"","background-media":"","overlay-type":"","overlay-color":"","overlay-opacity":"","overlay-gradient":""},"tablet":{"background-color":"","background-image":"","background-repeat":"repeat","background-position":"center center","background-size":"auto","background-attachment":"scroll","background-type":"","background-media":"","overlay-type":"","overlay-color":"","overlay-opacity":"","overlay-gradient":""},"mobile":{"background-color":"","background-image":"","background-repeat":"repeat","background-position":"center center","background-size":"auto","background-attachment":"scroll","background-type":"","background-media":"","overlay-type":"","overlay-color":"","overlay-opacity":"","overlay-gradient":""}},"ast-content-background-meta":{"desktop":{"background-color":"var(--ast-global-color-5)","background-image":"","background-repeat":"repeat","background-position":"center center","background-size":"auto","background-attachment":"scroll","background-type":"","background-media":"","overlay-type":"","overlay-color":"","overlay-opacity":"","overlay-gradient":""},"tablet":{"background-color":"var(--ast-global-color-5)","background-image":"","background-repeat":"repeat","background-position":"center center","background-size":"auto","background-attachment":"scroll","background-type":"","background-media":"","overlay-type":"","overlay-color":"","overlay-opacity":"","overlay-gradient":""},"mobile":{"background-color":"var(--ast-global-color-5)","background-image":"","background-repeat":"repeat","background-position":"center center","background-size":"auto","background-attachment":"scroll","background-type":"","background-media":"","overlay-type":"","overlay-color":"","overlay-opacity":"","overlay-gradient":""}}},"product_brand":[],"product_cat":[90,30,123],"product_tag":[258,275,204,236],"class_list":{"0":"post-3583","1":"product","2":"type-product","3":"status-publish","4":"has-post-thumbnail","6":"product_cat-abc-belarus","7":"product_cat-books1312","8":"product_cat-collectives","9":"product_tag-belarus","10":"product_tag-igor-olinevich","11":"product_tag-repressii","12":"product_tag-tyurma","13":"desktop-align-center","14":"tablet-align-center","15":"mobile-align-center","17":"first","18":"instock","19":"shipping-taxable","20":"purchasable","21":"product-type-simple"},"_links":{"self":[{"href":"https:\/\/www.sabotage.ninja\/en\/wp-json\/wp\/v2\/product\/3583","targetHints":{"allow":["GET"]}}],"collection":[{"href":"https:\/\/www.sabotage.ninja\/en\/wp-json\/wp\/v2\/product"}],"about":[{"href":"https:\/\/www.sabotage.ninja\/en\/wp-json\/wp\/v2\/types\/product"}],"replies":[{"embeddable":true,"href":"https:\/\/www.sabotage.ninja\/en\/wp-json\/wp\/v2\/comments?post=3583"}],"wp:featuredmedia":[{"embeddable":true,"href":"https:\/\/www.sabotage.ninja\/en\/wp-json\/wp\/v2\/media\/3584"}],"wp:attachment":[{"href":"https:\/\/www.sabotage.ninja\/en\/wp-json\/wp\/v2\/media?parent=3583"}],"wp:term":[{"taxonomy":"product_brand","embeddable":true,"href":"https:\/\/www.sabotage.ninja\/en\/wp-json\/wp\/v2\/product_brand?post=3583"},{"taxonomy":"product_cat","embeddable":true,"href":"https:\/\/www.sabotage.ninja\/en\/wp-json\/wp\/v2\/product_cat?post=3583"},{"taxonomy":"product_tag","embeddable":true,"href":"https:\/\/www.sabotage.ninja\/en\/wp-json\/wp\/v2\/product_tag?post=3583"}],"curies":[{"name":"wp","href":"https:\/\/api.w.org\/{rel}","templated":true}]}}