{"id":4162,"date":"2025-10-06T11:43:28","date_gmt":"2025-10-06T09:43:28","guid":{"rendered":"https:\/\/www.sabotage.ninja\/?post_type=product&#038;p=4162"},"modified":"2026-02-15T14:25:56","modified_gmt":"2026-02-15T13:25:56","slug":"bachmut-19-april-2023-in-gedenken-an-dimitri-petrow-finbar-cafferkey-und-cooper-andrews","status":"publish","type":"product","link":"https:\/\/www.sabotage.ninja\/en\/product\/bachmut-19-april-2023-in-gedenken-an-dimitri-petrow-finbar-cafferkey-und-cooper-andrews\/","title":{"rendered":"&#171;Bachmut, 19. April 2023&#187; &#8212; In Gedenken an Dimitri Petrow, Finbar Cafferkey und Cooper Andrews"},"content":{"rendered":"<p>Der 19. April 2023 war f\u00fcr die anarchistische und antiautorit\u00e4re Bewegung ein schwerer Schlag. Drei Aktivist*innen wurden in der Ukraine an der Front in einem Hinterhalt get\u00f6tet: Dmitri Petrow aus Russland, Finbar Cafferkey aus Irland und Cooper Andrews aus den USA. CrimethInc. hat kurz nach diesem Ereignis die Brosch\u00fcre\u00a0<em>Dmitry Petrov \u2013 A Life in Combat<\/em>\u00a0herausgebracht, um einen Einblick in Dimas Leben zu geben und seine Ideen zug\u00e4nglich zu machen. Diese haben wir ins Deutsche \u00fcbersetzt und komplett \u00fcberarbeitet. Das neue Buch enth\u00e4lt vier zus\u00e4tzliche Texte: ein Interview mit dem Podcast\u00a0<em>Elephant in the Room<\/em>, das Dima wenige Wochen vor der vollumf\u00e4nglichen Invasion gegeben hat und viel von dem vorwegnimmt, was kurz danach passiert ist; eine Reflexion \u00fcber den Versuch eine Antiautorit\u00e4re Einheit in der Ukraine aufzubauen; au\u00dferdem Nachrufe f\u00fcr Finbar Cafferkey und Cooper Andrew, wobei in letzterem auch Cooper selbst zu Wort kommt.<\/p>\n<p>Dieses Buch dokumentiert Perspektiven und Diskussionen um Strategien und Aktionen gegen den russischen Imperialismus entlang Dimas politischen Werdegang. W\u00e4hrend aber die urspr\u00fcngliche Brosch\u00fcre ausschlie\u00dflich auf Dima fokussierte, war es uns wichtig, Cooper und Finbar einen Platz im Buch einzur\u00e4umen, auch wenn die beiden leider nur sehr wenig selbst ver\u00f6ffentlicht haben. Kurz vor der Fertigstellung des Buches wurde David Chichkan get\u00f6tet. Um auch ihm zu gedenken, haben wir zwei seiner Bilder in das Buch aufgenommen. Unter anderem stammt die Umschlagillustration von ihm.<\/p>\n<p>Alle Einnahmen aus dem Verkauf des Buches werden an Solidarity Collectives gespendet, eine anti-autorit\u00e4re Organisation in der Ukraine, die auch die drei unterst\u00fctzt hat.<\/p>\n<p>Uns war es aus mehreren Gr\u00fcnden wichtig, dieses Buch zu \u00fcbersetzen. Zum einen ist es f\u00fcr uns ein Akt der internationalen Solidarit\u00e4t: Solidarisches Handeln bedeutet f\u00fcr uns, Stimmen und Perspektiven unserer Genoss*innen in anderen L\u00e4ndern h\u00f6rbar und zug\u00e4nglich zu machen, damit diese Eingang in unsere Diskussionen finden k\u00f6nnen. Zum anderen wird es in krisenhaften Zeiten wie den unseren immer wahrscheinlicher, dass Menschen in politischen Konflikten, Protesten und Kriegen sterben. Um so wichtiger ist es, sich an sie zu erinnern, aber auch Wege zu finden, um unsere Trauer und Wut \u00fcber den Verlust derer, die im Kampf um die Freiheit get\u00f6tet wurden, kollektiv zu bearbeiten und unsere eigene Bewegungsgeschichte fortzuschreiben.<\/p>\n<p>In seinem letzten Brief schrieb Cooper, dass der Krieg vermutlich nicht so schnell vorbei sein wird, und er behielt recht. Die Hoffnung auf ein baldiges Ende ist verschwunden. Die Folgen des Krieges, wenn er doch irgendwann zu Ende sein wird, die physische und psychische Zerst\u00f6rung der ukrainischen Gesellschaft im Allgemeinen und der anarchistischen Bewegung im Besonderen sind unvorstellbar.<\/p>\n<p>In tiefer Trauer um den Verlust und Respekt f\u00fcr den Mut, auf schwierige Fragen Antworten zu suchen!<\/p>","protected":false},"excerpt":{"rendered":"<p>Book details:<br \/>\nPublished: 2025<br \/>\nFormat: paperback<br \/>\nPublisher: Anarchist Black Cross Dresden<br \/>\nFundraising for Ukraine Anarchists and Antiauthoritarians<\/p>","protected":false},"featured_media":4163,"comment_status":"open","ping_status":"closed","template":"","meta":{"site-sidebar-layout":"default","site-content-layout":"","ast-site-content-layout":"default","site-content-style":"default","site-sidebar-style":"default","ast-global-header-display":"","ast-banner-title-visibility":"","ast-main-header-display":"","ast-hfb-above-header-display":"","ast-hfb-below-header-display":"","ast-hfb-mobile-header-display":"","site-post-title":"","ast-breadcrumbs-content":"","ast-featured-img":"","footer-sml-layout":"","ast-disable-related-posts":"","theme-transparent-header-meta":"default","adv-header-id-meta":"","stick-header-meta":"","header-above-stick-meta":"","header-main-stick-meta":"","header-below-stick-meta":"","astra-migrate-meta-layouts":"set","ast-page-background-enabled":"default","ast-page-background-meta":{"desktop":{"background-color":"var(--ast-global-color-4)","background-image":"","background-repeat":"repeat","background-position":"center center","background-size":"auto","background-attachment":"scroll","background-type":"","background-media":"","overlay-type":"","overlay-color":"","overlay-opacity":"","overlay-gradient":""},"tablet":{"background-color":"","background-image":"","background-repeat":"repeat","background-position":"center center","background-size":"auto","background-attachment":"scroll","background-type":"","background-media":"","overlay-type":"","overlay-color":"","overlay-opacity":"","overlay-gradient":""},"mobile":{"background-color":"","background-image":"","background-repeat":"repeat","background-position":"center center","background-size":"auto","background-attachment":"scroll","background-type":"","background-media":"","overlay-type":"","overlay-color":"","overlay-opacity":"","overlay-gradient":""}},"ast-content-background-meta":{"desktop":{"background-color":"var(--ast-global-color-5)","background-image":"","background-repeat":"repeat","background-position":"center center","background-size":"auto","background-attachment":"scroll","background-type":"","background-media":"","overlay-type":"","overlay-color":"","overlay-opacity":"","overlay-gradient":""},"tablet":{"background-color":"var(--ast-global-color-5)","background-image":"","background-repeat":"repeat","background-position":"center center","background-size":"auto","background-attachment":"scroll","background-type":"","background-media":"","overlay-type":"","overlay-color":"","overlay-opacity":"","overlay-gradient":""},"mobile":{"background-color":"var(--ast-global-color-5)","background-image":"","background-repeat":"repeat","background-position":"center center","background-size":"auto","background-attachment":"scroll","background-type":"","background-media":"","overlay-type":"","overlay-color":"","overlay-opacity":"","overlay-gradient":""}}},"product_brand":[],"product_cat":[310,30,125],"product_tag":[57,88,210,89],"class_list":{"0":"post-4162","1":"product","2":"type-product","3":"status-publish","4":"has-post-thumbnail","6":"product_cat-de","7":"product_cat-books1312","8":"product_cat-solidarity-collectives","9":"product_tag-anarhizm","10":"product_tag-antifashizm","11":"product_tag-dmitrij-petrov","12":"product_tag-ukraina","13":"desktop-align-center","14":"tablet-align-center","15":"mobile-align-center","17":"first","18":"instock","19":"shipping-taxable","20":"purchasable","21":"product-type-simple"},"_links":{"self":[{"href":"https:\/\/www.sabotage.ninja\/en\/wp-json\/wp\/v2\/product\/4162","targetHints":{"allow":["GET"]}}],"collection":[{"href":"https:\/\/www.sabotage.ninja\/en\/wp-json\/wp\/v2\/product"}],"about":[{"href":"https:\/\/www.sabotage.ninja\/en\/wp-json\/wp\/v2\/types\/product"}],"replies":[{"embeddable":true,"href":"https:\/\/www.sabotage.ninja\/en\/wp-json\/wp\/v2\/comments?post=4162"}],"wp:featuredmedia":[{"embeddable":true,"href":"https:\/\/www.sabotage.ninja\/en\/wp-json\/wp\/v2\/media\/4163"}],"wp:attachment":[{"href":"https:\/\/www.sabotage.ninja\/en\/wp-json\/wp\/v2\/media?parent=4162"}],"wp:term":[{"taxonomy":"product_brand","embeddable":true,"href":"https:\/\/www.sabotage.ninja\/en\/wp-json\/wp\/v2\/product_brand?post=4162"},{"taxonomy":"product_cat","embeddable":true,"href":"https:\/\/www.sabotage.ninja\/en\/wp-json\/wp\/v2\/product_cat?post=4162"},{"taxonomy":"product_tag","embeddable":true,"href":"https:\/\/www.sabotage.ninja\/en\/wp-json\/wp\/v2\/product_tag?post=4162"}],"curies":[{"name":"wp","href":"https:\/\/api.w.org\/{rel}","templated":true}]}}