{"id":549,"date":"2023-12-03T20:57:25","date_gmt":"2023-12-03T19:57:25","guid":{"rendered":"https:\/\/www.sabotage.ninja\/?post_type=product&#038;p=549"},"modified":"2026-03-28T18:50:40","modified_gmt":"2026-03-28T17:50:40","slug":"jade-do-magadanu-igor-oliniewicz","status":"publish","type":"product","link":"https:\/\/www.sabotage.ninja\/en\/product\/jade-do-magadanu-igor-oliniewicz\/","title":{"rendered":"&#171;Jad\u0119 do Magadanu&#187; Igor Oliniewicz"},"content":{"rendered":"<div class=\"woocommerce-product-details__short-description\">\n<p><strong>Wspomnienia anarchisty, wi\u0119\u017ania bia\u0142oruskiej dyktatury<\/strong><\/p>\n<p>Ksi\u0105\u017cka traktuje o pobycie w areszcie bia\u0142oruskiego KGB &#8212; szykanach, nieustannej kontroli, zastraszaniu, brutalno\u015bci funkcjonariuszy i codziennym \u017cyciu w izolacji. Wspomnienia anarchisty Jad\u0119 do Magadanu, zosta\u0142y napisane przez Igora Oliniewicza, aktywist\u0119 osadzonego w kolonii karnej. Zawieraj\u0105 one jego rysunki ilustruj\u0105ce poszczeg\u00f3lne wydarzenia. Dzi\u0119ki temu, wszyscy b\u0119dziemy mogli si\u0119 przekona\u0107, przez co skazani aktywi\u015bci musieli przej\u015b\u0107 za to, \u017ce odwa\u017cyli si\u0119 wyst\u0105pi\u0107 przeciwko bia\u0142oruskim w\u0142adzom, bezlito\u015bnie t\u0142umi\u0105cym wszelkie przejawy spo\u0142ecznego niezadowolenia.<\/p>\n<\/div>","protected":false},"excerpt":{"rendered":"<p>Wspomnienia anarchisty, wi\u0119\u017ania bia\u0142oruskiej dyktatury Ksi\u0105\u017cka traktuje o pobycie w areszcie bia\u0142oruskiego KGB &#8212; szykanach, nieustannej kontroli, zastraszaniu, brutalno\u015bci funkcjonariuszy i codziennym \u017cyciu w izolacji. Wspomnienia anarchisty Jad\u0119 do Magadanu, zosta\u0142y napisane przez Igora Oliniewicza, aktywist\u0119 osadzonego w kolonii karnej. Zawieraj\u0105 one jego rysunki ilustruj\u0105ce poszczeg\u00f3lne wydarzenia. Dzi\u0119ki temu, wszyscy b\u0119dziemy mogli si\u0119 przekona\u0107, przez [&hellip;]<\/p>\n","protected":false},"featured_media":575,"comment_status":"open","ping_status":"closed","template":"","meta":{"site-sidebar-layout":"default","site-content-layout":"","ast-site-content-layout":"default","site-content-style":"default","site-sidebar-style":"default","ast-global-header-display":"","ast-banner-title-visibility":"","ast-main-header-display":"","ast-hfb-above-header-display":"","ast-hfb-below-header-display":"","ast-hfb-mobile-header-display":"","site-post-title":"","ast-breadcrumbs-content":"","ast-featured-img":"","footer-sml-layout":"","ast-disable-related-posts":"","theme-transparent-header-meta":"","adv-header-id-meta":"","stick-header-meta":"","header-above-stick-meta":"","header-main-stick-meta":"","header-below-stick-meta":"","astra-migrate-meta-layouts":"default","ast-page-background-enabled":"default","ast-page-background-meta":{"desktop":{"background-color":"var(--ast-global-color-4)","background-image":"","background-repeat":"repeat","background-position":"center center","background-size":"auto","background-attachment":"scroll","background-type":"","background-media":"","overlay-type":"","overlay-color":"","overlay-opacity":"","overlay-gradient":""},"tablet":{"background-color":"","background-image":"","background-repeat":"repeat","background-position":"center center","background-size":"auto","background-attachment":"scroll","background-type":"","background-media":"","overlay-type":"","overlay-color":"","overlay-opacity":"","overlay-gradient":""},"mobile":{"background-color":"","background-image":"","background-repeat":"repeat","background-position":"center center","background-size":"auto","background-attachment":"scroll","background-type":"","background-media":"","overlay-type":"","overlay-color":"","overlay-opacity":"","overlay-gradient":""}},"ast-content-background-meta":{"desktop":{"background-color":"var(--ast-global-color-5)","background-image":"","background-repeat":"repeat","background-position":"center center","background-size":"auto","background-attachment":"scroll","background-type":"","background-media":"","overlay-type":"","overlay-color":"","overlay-opacity":"","overlay-gradient":""},"tablet":{"background-color":"var(--ast-global-color-5)","background-image":"","background-repeat":"repeat","background-position":"center center","background-size":"auto","background-attachment":"scroll","background-type":"","background-media":"","overlay-type":"","overlay-color":"","overlay-opacity":"","overlay-gradient":""},"mobile":{"background-color":"var(--ast-global-color-5)","background-image":"","background-repeat":"repeat","background-position":"center center","background-size":"auto","background-attachment":"scroll","background-type":"","background-media":"","overlay-type":"","overlay-color":"","overlay-opacity":"","overlay-gradient":""}}},"product_brand":[],"product_cat":[128,90,30],"product_tag":[258,275,204],"class_list":{"0":"post-549","1":"product","2":"type-product","3":"status-publish","4":"has-post-thumbnail","6":"product_cat-books-pl","7":"product_cat-abc-belarus","8":"product_cat-books1312","9":"product_tag-belarus","10":"product_tag-igor-olinevich","11":"product_tag-repressii","12":"product_shipping_class-europe","13":"desktop-align-center","14":"tablet-align-center","15":"mobile-align-center","17":"first","18":"outofstock","19":"shipping-taxable","20":"purchasable","21":"product-type-simple"},"_links":{"self":[{"href":"https:\/\/www.sabotage.ninja\/en\/wp-json\/wp\/v2\/product\/549","targetHints":{"allow":["GET"]}}],"collection":[{"href":"https:\/\/www.sabotage.ninja\/en\/wp-json\/wp\/v2\/product"}],"about":[{"href":"https:\/\/www.sabotage.ninja\/en\/wp-json\/wp\/v2\/types\/product"}],"replies":[{"embeddable":true,"href":"https:\/\/www.sabotage.ninja\/en\/wp-json\/wp\/v2\/comments?post=549"}],"wp:featuredmedia":[{"embeddable":true,"href":"https:\/\/www.sabotage.ninja\/en\/wp-json\/wp\/v2\/media\/575"}],"wp:attachment":[{"href":"https:\/\/www.sabotage.ninja\/en\/wp-json\/wp\/v2\/media?parent=549"}],"wp:term":[{"taxonomy":"product_brand","embeddable":true,"href":"https:\/\/www.sabotage.ninja\/en\/wp-json\/wp\/v2\/product_brand?post=549"},{"taxonomy":"product_cat","embeddable":true,"href":"https:\/\/www.sabotage.ninja\/en\/wp-json\/wp\/v2\/product_cat?post=549"},{"taxonomy":"product_tag","embeddable":true,"href":"https:\/\/www.sabotage.ninja\/en\/wp-json\/wp\/v2\/product_tag?post=549"}],"curies":[{"name":"wp","href":"https:\/\/api.w.org\/{rel}","templated":true}]}}