{"id":956,"date":"2024-01-26T15:14:19","date_gmt":"2024-01-26T14:14:19","guid":{"rendered":"https:\/\/www.sabotage.ninja\/?post_type=product&#038;p=956"},"modified":"2026-03-28T18:50:40","modified_gmt":"2026-03-28T17:50:40","slug":"brochure-stanowisko-grupy-baw-w-sprawie-wojny-w-ukrainie","status":"publish","type":"product","link":"https:\/\/www.sabotage.ninja\/en\/product\/brochure-stanowisko-grupy-baw-w-sprawie-wojny-w-ukrainie\/","title":{"rendered":"Brochure \u201cStanowisko grupy BAW* w sprawie wojny w Ukrainie&#187;"},"content":{"rendered":"<h4 class=\"entry-title\">Stanowisko grupy bia\u0142oruskich anarchist\u00f3w w Warszawie w sprawie wojny w Ukrainie<\/h4>\n<p><span style=\"color: #211d1e;\"><span style=\"font-family: Montserrat, serif;\"><span style=\"font-size: medium;\">Po 24 lutego, mi\u0119dzy sob\u0105 i z towarzyszami z r\u00f3\u017cnych kraj\u00f3w, cz\u0119sto dyskutujemy o sytuacji, w jakiej znalaz\u0142a si\u0119 Europa. Dlaczego wybuch\u0142a wojna? Jak zmieni\u0142a ona perspektywy polityczne regionu, a w szczeg\u00f3lno\u015bci Bia\u0142orusi? Co s\u0105dzimy o NATO? Czy mo\u017cna, pozostaj\u0105c anarchist\u0105, s\u0142u\u017cy\u0107 w pa\u0144stwowych si\u0142ach zbrojnych? Wreszcie, co powinni\u015bmy zrobi\u0107 w kontek\u015bcie wojny, b\u0119d\u0105c cz\u0119\u015bci\u0105 diaspory w Polsce? W tych i innych kwestiach wypracowali\u015bmy zbiorowe stanowisko, kt\u00f3re przedstawiamy w poni\u017cszym tek\u015bcie.<\/span><\/span><\/span><\/p>\n<p lang=\"ru-RU\">Przeczytaj artyku\u0142 <a href=\"https:\/\/161crew.bzzz.net\/stanowisko-bialoruskich-anarchistow-w-warszawie\/\">tutaj<\/a><\/p>","protected":false},"excerpt":{"rendered":"<p>Stanowisko grupy bia\u0142oruskich anarchist\u00f3w w Warszawie w sprawie wojny w Ukrainie Po 24 lutego, mi\u0119dzy sob\u0105 i z towarzyszami z r\u00f3\u017cnych kraj\u00f3w, cz\u0119sto dyskutujemy o sytuacji, w jakiej znalaz\u0142a si\u0119 Europa. Dlaczego wybuch\u0142a wojna? Jak zmieni\u0142a ona perspektywy polityczne regionu, a w szczeg\u00f3lno\u015bci Bia\u0142orusi? Co s\u0105dzimy o NATO? Czy mo\u017cna, pozostaj\u0105c anarchist\u0105, s\u0142u\u017cy\u0107 w pa\u0144stwowych [&hellip;]<\/p>\n","protected":false},"featured_media":940,"comment_status":"open","ping_status":"closed","template":"","meta":{"site-sidebar-layout":"default","site-content-layout":"","ast-site-content-layout":"default","site-content-style":"default","site-sidebar-style":"default","ast-global-header-display":"","ast-banner-title-visibility":"","ast-main-header-display":"","ast-hfb-above-header-display":"","ast-hfb-below-header-display":"","ast-hfb-mobile-header-display":"","site-post-title":"","ast-breadcrumbs-content":"","ast-featured-img":"","footer-sml-layout":"","ast-disable-related-posts":"","theme-transparent-header-meta":"","adv-header-id-meta":"","stick-header-meta":"","header-above-stick-meta":"","header-main-stick-meta":"","header-below-stick-meta":"","astra-migrate-meta-layouts":"default","ast-page-background-enabled":"default","ast-page-background-meta":{"desktop":{"background-color":"var(--ast-global-color-4)","background-image":"","background-repeat":"repeat","background-position":"center center","background-size":"auto","background-attachment":"scroll","background-type":"","background-media":"","overlay-type":"","overlay-color":"","overlay-opacity":"","overlay-gradient":""},"tablet":{"background-color":"","background-image":"","background-repeat":"repeat","background-position":"center center","background-size":"auto","background-attachment":"scroll","background-type":"","background-media":"","overlay-type":"","overlay-color":"","overlay-opacity":"","overlay-gradient":""},"mobile":{"background-color":"","background-image":"","background-repeat":"repeat","background-position":"center center","background-size":"auto","background-attachment":"scroll","background-type":"","background-media":"","overlay-type":"","overlay-color":"","overlay-opacity":"","overlay-gradient":""}},"ast-content-background-meta":{"desktop":{"background-color":"var(--ast-global-color-5)","background-image":"","background-repeat":"repeat","background-position":"center center","background-size":"auto","background-attachment":"scroll","background-type":"","background-media":"","overlay-type":"","overlay-color":"","overlay-opacity":"","overlay-gradient":""},"tablet":{"background-color":"var(--ast-global-color-5)","background-image":"","background-repeat":"repeat","background-position":"center center","background-size":"auto","background-attachment":"scroll","background-type":"","background-media":"","overlay-type":"","overlay-color":"","overlay-opacity":"","overlay-gradient":""},"mobile":{"background-color":"var(--ast-global-color-5)","background-image":"","background-repeat":"repeat","background-position":"center center","background-size":"auto","background-attachment":"scroll","background-type":"","background-media":"","overlay-type":"","overlay-color":"","overlay-opacity":"","overlay-gradient":""}}},"product_brand":[],"product_cat":[128,90,101,124],"product_tag":[262,89],"class_list":{"0":"post-956","1":"product","2":"type-product","3":"status-publish","4":"has-post-thumbnail","6":"product_cat-books-pl","7":"product_cat-abc-belarus","8":"product_cat-brochures","9":"product_cat-pramen","10":"product_tag-vojna","11":"product_tag-ukraina","12":"product_shipping_class-europe","13":"desktop-align-center","14":"tablet-align-center","15":"mobile-align-center","17":"first","18":"instock","19":"shipping-taxable","20":"purchasable","21":"product-type-simple"},"_links":{"self":[{"href":"https:\/\/www.sabotage.ninja\/en\/wp-json\/wp\/v2\/product\/956","targetHints":{"allow":["GET"]}}],"collection":[{"href":"https:\/\/www.sabotage.ninja\/en\/wp-json\/wp\/v2\/product"}],"about":[{"href":"https:\/\/www.sabotage.ninja\/en\/wp-json\/wp\/v2\/types\/product"}],"replies":[{"embeddable":true,"href":"https:\/\/www.sabotage.ninja\/en\/wp-json\/wp\/v2\/comments?post=956"}],"wp:featuredmedia":[{"embeddable":true,"href":"https:\/\/www.sabotage.ninja\/en\/wp-json\/wp\/v2\/media\/940"}],"wp:attachment":[{"href":"https:\/\/www.sabotage.ninja\/en\/wp-json\/wp\/v2\/media?parent=956"}],"wp:term":[{"taxonomy":"product_brand","embeddable":true,"href":"https:\/\/www.sabotage.ninja\/en\/wp-json\/wp\/v2\/product_brand?post=956"},{"taxonomy":"product_cat","embeddable":true,"href":"https:\/\/www.sabotage.ninja\/en\/wp-json\/wp\/v2\/product_cat?post=956"},{"taxonomy":"product_tag","embeddable":true,"href":"https:\/\/www.sabotage.ninja\/en\/wp-json\/wp\/v2\/product_tag?post=956"}],"curies":[{"name":"wp","href":"https:\/\/api.w.org\/{rel}","templated":true}]}}